{"id":1492,"date":"2018-02-07T17:34:16","date_gmt":"2018-02-07T16:34:16","guid":{"rendered":"http:\/\/www.ballatoregiovannisrl.com\/?page_id=1492"},"modified":"2018-02-15T13:19:51","modified_gmt":"2018-02-15T12:19:51","slug":"servizi","status":"publish","type":"page","link":"https:\/\/www.ballatoregiovannisrl.com\/fr\/servizi\/","title":{"rendered":"Service"},"content":{"rendered":"<div class=\"unoquart\">\n<h3>R\u00c9VISION<\/h3>\n<p>La r\u00e9vision des machines d&#8217;occasion, r\u00e9alis\u00e9e par un personnel expert et sp\u00e9cialis\u00e9, consiste pour chaque machine \u00e0: nettoyage, d\u00e9montage compl\u00e8te des toutes les pi\u00e8ces, contr\u00f4le (et remplacement des rechanges en cas d&#8217;usure), r\u00e9g\u00e9n\u00e9ration des pales et h\u00e9lices, peinture et r\u00e9assemblage. De cette mani\u00e8re, les machines se pr\u00e9sentent comme neuves et b\u00e9n\u00e9ficient d&#8217;une garantie de 12 mois.<\/p>\n<div class='fotorama--wp' data-ids='1511,1498,1496,1472,1471,1470,1468,1467,1466,1465,1464'data-link='file'data-itemtag='dl'data-icontag='dt'data-captiontag='dd'data-columns='0'data-size='large'data-width='768'data-auto='false'data-max-width='100%'data-ratio='0.75'><div id='gallery-1' class='gallery galleryid-1492 gallery-columns-0 gallery-size-thumbnail'><dl class='gallery-item'>\n\t\t\t<dt class='gallery-icon portrait'>\n\t\t\t\t<a href='https:\/\/www.ballatoregiovannisrl.com\/bg\/wp-content\/uploads\/2018\/02\/IMG_5210-768x1024.jpg' data-full='https:\/\/www.ballatoregiovannisrl.com\/bg\/wp-content\/uploads\/2018\/02\/IMG_5210.jpg'><img width=\"150\" height=\"150\" src=\"https:\/\/www.ballatoregiovannisrl.com\/bg\/wp-content\/uploads\/2018\/02\/IMG_5210-150x150.jpg\" class=\"attachment-thumbnail size-thumbnail\" alt=\"\" loading=\"lazy\" aria-describedby=\"gallery-1-1511\" \/><\/a>\n\t\t\t<\/dt>\n\t\t\t\t<dd class='wp-caption-text gallery-caption' id='gallery-1-1511'>\n\t\t\t\tIn revisione\n\t\t\t\t<\/dd><\/dl><dl class='gallery-item'>\n\t\t\t<dt class='gallery-icon landscape'>\n\t\t\t\t<a href='https:\/\/www.ballatoregiovannisrl.com\/bg\/wp-content\/uploads\/2018\/02\/DSC02414-1024x768.jpg' data-full='https:\/\/www.ballatoregiovannisrl.com\/bg\/wp-content\/uploads\/2018\/02\/DSC02414.jpg'><img width=\"150\" height=\"150\" src=\"https:\/\/www.ballatoregiovannisrl.com\/bg\/wp-content\/uploads\/2018\/02\/DSC02414-150x150.jpg\" class=\"attachment-thumbnail size-thumbnail\" alt=\"\" loading=\"lazy\" aria-describedby=\"gallery-1-1498\" \/><\/a>\n\t\t\t<\/dt>\n\t\t\t\t<dd class='wp-caption-text gallery-caption' id='gallery-1-1498'>\n\t\t\t\tPrima della revisione\n\t\t\t\t<\/dd><\/dl><dl class='gallery-item'>\n\t\t\t<dt class='gallery-icon landscape'>\n\t\t\t\t<a href='https:\/\/www.ballatoregiovannisrl.com\/bg\/wp-content\/uploads\/2018\/02\/DSC02412-1024x768.jpg' data-full='https:\/\/www.ballatoregiovannisrl.com\/bg\/wp-content\/uploads\/2018\/02\/DSC02412.jpg'><img width=\"150\" height=\"150\" src=\"https:\/\/www.ballatoregiovannisrl.com\/bg\/wp-content\/uploads\/2018\/02\/DSC02412-150x150.jpg\" class=\"attachment-thumbnail size-thumbnail\" alt=\"\" loading=\"lazy\" aria-describedby=\"gallery-1-1496\" \/><\/a>\n\t\t\t<\/dt>\n\t\t\t\t<dd class='wp-caption-text gallery-caption' id='gallery-1-1496'>\n\t\t\t\tPrima della revisione\n\t\t\t\t<\/dd><\/dl><dl class='gallery-item'>\n\t\t\t<dt class='gallery-icon landscape'>\n\t\t\t\t<a href='https:\/\/www.ballatoregiovannisrl.com\/bg\/wp-content\/uploads\/2018\/01\/degasatore-mattoniera-17Mev-IN-REVISIONE-1024x768.jpg' data-full='https:\/\/www.ballatoregiovannisrl.com\/bg\/wp-content\/uploads\/2018\/01\/degasatore-mattoniera-17Mev-IN-REVISIONE.jpg'><img width=\"150\" height=\"150\" src=\"https:\/\/www.ballatoregiovannisrl.com\/bg\/wp-content\/uploads\/2018\/01\/degasatore-mattoniera-17Mev-IN-REVISIONE-150x150.jpg\" class=\"attachment-thumbnail size-thumbnail\" alt=\"\" loading=\"lazy\" \/><\/a>\n\t\t\t<\/dt><\/dl><dl class='gallery-item'>\n\t\t\t<dt class='gallery-icon landscape'>\n\t\t\t\t<a href='https:\/\/www.ballatoregiovannisrl.com\/bg\/wp-content\/uploads\/2018\/01\/TAGLIERINA-IN-REVISIONE-2.jpg' data-full='https:\/\/www.ballatoregiovannisrl.com\/bg\/wp-content\/uploads\/2018\/01\/TAGLIERINA-IN-REVISIONE-2.jpg'><img width=\"150\" height=\"150\" src=\"https:\/\/www.ballatoregiovannisrl.com\/bg\/wp-content\/uploads\/2018\/01\/TAGLIERINA-IN-REVISIONE-2-150x150.jpg\" class=\"attachment-thumbnail size-thumbnail\" alt=\"\" loading=\"lazy\" \/><\/a>\n\t\t\t<\/dt><\/dl><dl class='gallery-item'>\n\t\t\t<dt class='gallery-icon landscape'>\n\t\t\t\t<a href='https:\/\/www.ballatoregiovannisrl.com\/bg\/wp-content\/uploads\/2018\/01\/TAGLIERINA-IN-REVISIONE-1.jpg' data-full='https:\/\/www.ballatoregiovannisrl.com\/bg\/wp-content\/uploads\/2018\/01\/TAGLIERINA-IN-REVISIONE-1.jpg'><img width=\"150\" height=\"150\" src=\"https:\/\/www.ballatoregiovannisrl.com\/bg\/wp-content\/uploads\/2018\/01\/TAGLIERINA-IN-REVISIONE-1-150x150.jpg\" class=\"attachment-thumbnail size-thumbnail\" alt=\"\" loading=\"lazy\" \/><\/a>\n\t\t\t<\/dt><\/dl><dl class='gallery-item'>\n\t\t\t<dt class='gallery-icon landscape'>\n\t\t\t\t<a href='https:\/\/www.ballatoregiovannisrl.com\/bg\/wp-content\/uploads\/2018\/01\/RULLI-LAMINATOIO-BONGIOANNI-IN-REVISIONE-1024x768.jpg' data-full='https:\/\/www.ballatoregiovannisrl.com\/bg\/wp-content\/uploads\/2018\/01\/RULLI-LAMINATOIO-BONGIOANNI-IN-REVISIONE.jpg'><img width=\"150\" height=\"150\" src=\"https:\/\/www.ballatoregiovannisrl.com\/bg\/wp-content\/uploads\/2018\/01\/RULLI-LAMINATOIO-BONGIOANNI-IN-REVISIONE-150x150.jpg\" class=\"attachment-thumbnail size-thumbnail\" alt=\"\" loading=\"lazy\" \/><\/a>\n\t\t\t<\/dt><\/dl><dl class='gallery-item'>\n\t\t\t<dt class='gallery-icon landscape'>\n\t\t\t\t<a href='https:\/\/www.ballatoregiovannisrl.com\/bg\/wp-content\/uploads\/2018\/01\/RIDUTTORI-AZIONAMENTO-CILINDRI-per-rettifica-LAMINATOIO-BONGIOANNI-IN-REVISIONE.jpg' data-full='https:\/\/www.ballatoregiovannisrl.com\/bg\/wp-content\/uploads\/2018\/01\/RIDUTTORI-AZIONAMENTO-CILINDRI-per-rettifica-LAMINATOIO-BONGIOANNI-IN-REVISIONE.jpg'><img width=\"150\" height=\"150\" src=\"https:\/\/www.ballatoregiovannisrl.com\/bg\/wp-content\/uploads\/2018\/01\/RIDUTTORI-AZIONAMENTO-CILINDRI-per-rettifica-LAMINATOIO-BONGIOANNI-IN-REVISIONE-150x150.jpg\" class=\"attachment-thumbnail size-thumbnail\" alt=\"\" loading=\"lazy\" \/><\/a>\n\t\t\t<\/dt><\/dl><dl class='gallery-item'>\n\t\t\t<dt class='gallery-icon landscape'>\n\t\t\t\t<a href='https:\/\/www.ballatoregiovannisrl.com\/bg\/wp-content\/uploads\/2018\/01\/PULEGGE-LAMINATOIO-BONGIOANNI-IN-REVISIONE.jpg' data-full='https:\/\/www.ballatoregiovannisrl.com\/bg\/wp-content\/uploads\/2018\/01\/PULEGGE-LAMINATOIO-BONGIOANNI-IN-REVISIONE.jpg'><img width=\"150\" height=\"150\" src=\"https:\/\/www.ballatoregiovannisrl.com\/bg\/wp-content\/uploads\/2018\/01\/PULEGGE-LAMINATOIO-BONGIOANNI-IN-REVISIONE-150x150.jpg\" class=\"attachment-thumbnail size-thumbnail\" alt=\"\" loading=\"lazy\" \/><\/a>\n\t\t\t<\/dt><\/dl><dl class='gallery-item'>\n\t\t\t<dt class='gallery-icon portrait'>\n\t\t\t\t<a href='https:\/\/www.ballatoregiovannisrl.com\/bg\/wp-content\/uploads\/2018\/01\/PONTICELLI-IDRAULICI-LAMINATOIO-BONGIOANNI-IN-REVISIONE-foto-4.jpg' data-full='https:\/\/www.ballatoregiovannisrl.com\/bg\/wp-content\/uploads\/2018\/01\/PONTICELLI-IDRAULICI-LAMINATOIO-BONGIOANNI-IN-REVISIONE-foto-4.jpg'><img width=\"150\" height=\"150\" src=\"https:\/\/www.ballatoregiovannisrl.com\/bg\/wp-content\/uploads\/2018\/01\/PONTICELLI-IDRAULICI-LAMINATOIO-BONGIOANNI-IN-REVISIONE-foto-4-150x150.jpg\" class=\"attachment-thumbnail size-thumbnail\" alt=\"\" loading=\"lazy\" \/><\/a>\n\t\t\t<\/dt><\/dl><dl class='gallery-item'>\n\t\t\t<dt class='gallery-icon landscape'>\n\t\t\t\t<a href='https:\/\/www.ballatoregiovannisrl.com\/bg\/wp-content\/uploads\/2018\/01\/LAMINATOIO-BONGIOANNI-IN-REVISIONE-foto-5.jpg' data-full='https:\/\/www.ballatoregiovannisrl.com\/bg\/wp-content\/uploads\/2018\/01\/LAMINATOIO-BONGIOANNI-IN-REVISIONE-foto-5.jpg'><img width=\"150\" height=\"150\" src=\"https:\/\/www.ballatoregiovannisrl.com\/bg\/wp-content\/uploads\/2018\/01\/LAMINATOIO-BONGIOANNI-IN-REVISIONE-foto-5-150x150.jpg\" class=\"attachment-thumbnail size-thumbnail\" alt=\"\" loading=\"lazy\" \/><\/a>\n\t\t\t<\/dt><\/dl>\n\t\t<\/div>\n<\/div>\n<\/div>\n<div class=\"unoquart\">\n<h3>DESIGN<\/h3>\n<p>La synergie entre les besoins de nos clients, notre exp\u00e9rience et nos comp\u00e9tences, permettent de cr\u00e9er des projets personnalis\u00e9s, avec les meilleures performances: la productivit\u00e9 et la r\u00e9alisation de l&#8217;objectif de nos clients sont notre priorit\u00e9.<\/p>\n<\/div>\n<div class=\"unoquart\">\n<h3>ASSISTANCE APR\u00c8S VENTE ET PI\u00c8CES DE RECHANGE<\/h3>\n<p>La Ballatore Giovanni srl offre une garantie sur les machines et composants r\u00e9vis\u00e9s.<\/p>\n<p>Forts d&#8217;une grande expertise, nous sommes \u00e0 la disposition compl\u00e8te du client pour obtenir conseils, know-how, conseils techniques et toute autre exigence de production.<\/p>\n<p>Nous garantissons \u00e9galement un service apr\u00e8s-vente expert \u00e0 nos clients, offrant la possibilit\u00e9 de fournir, sur demande, les pi\u00e8ces de rechange des machines, m\u00eame apr\u00e8s plusieurs ann\u00e9es de l&#8217;achat.<\/p>\n<\/div>\n<div class=\"unoquart\">\n<h3>USINE USAG\u00c9ES COMPL\u00c8TES<\/h3>\n<p>Nous vous proposons \u00e9galement des syst\u00e8mes complets \u00e0 l&#8217;occasion, toujours assembl\u00e9s, \u00e0 des prix vraiment avantageux!<\/p>\n<p>Possibilit\u00e9 de voir les syst\u00e8mes utilis\u00e9s ENCORE ASSEMBL\u00c9S<\/p>\n<div class='fotorama--wp' data-ids='1462,1461,1460,1459,1458,1457,1456,1455,1454,1453,1452,1451,1450,1449,1448,1447'data-link='file'data-itemtag='dl'data-icontag='dt'data-captiontag='dd'data-columns='0'data-size='large'data-width='768'data-auto='false'data-max-width='100%'data-ratio='0.75'><div id='gallery-3' class='gallery galleryid-1492 gallery-columns-0 gallery-size-thumbnail'><dl class='gallery-item'>\n\t\t\t<dt class='gallery-icon portrait'>\n\t\t\t\t<a href='https:\/\/www.ballatoregiovannisrl.com\/bg\/wp-content\/uploads\/2018\/01\/FOTO-IMPIANTI-16-768x1024.jpg' data-full='https:\/\/www.ballatoregiovannisrl.com\/bg\/wp-content\/uploads\/2018\/01\/FOTO-IMPIANTI-16.jpg'><img width=\"150\" height=\"150\" src=\"https:\/\/www.ballatoregiovannisrl.com\/bg\/wp-content\/uploads\/2018\/01\/FOTO-IMPIANTI-16-150x150.jpg\" class=\"attachment-thumbnail size-thumbnail\" alt=\"\" loading=\"lazy\" \/><\/a>\n\t\t\t<\/dt><\/dl><dl class='gallery-item'>\n\t\t\t<dt class='gallery-icon landscape'>\n\t\t\t\t<a href='https:\/\/www.ballatoregiovannisrl.com\/bg\/wp-content\/uploads\/2018\/01\/FOTO-IMPIANTI-15-1024x768.jpg' data-full='https:\/\/www.ballatoregiovannisrl.com\/bg\/wp-content\/uploads\/2018\/01\/FOTO-IMPIANTI-15.jpg'><img width=\"150\" height=\"150\" src=\"https:\/\/www.ballatoregiovannisrl.com\/bg\/wp-content\/uploads\/2018\/01\/FOTO-IMPIANTI-15-150x150.jpg\" class=\"attachment-thumbnail size-thumbnail\" alt=\"\" loading=\"lazy\" \/><\/a>\n\t\t\t<\/dt><\/dl><dl class='gallery-item'>\n\t\t\t<dt class='gallery-icon landscape'>\n\t\t\t\t<a href='https:\/\/www.ballatoregiovannisrl.com\/bg\/wp-content\/uploads\/2018\/01\/FOTO-IMPIANTI-14-1024x768.jpg' data-full='https:\/\/www.ballatoregiovannisrl.com\/bg\/wp-content\/uploads\/2018\/01\/FOTO-IMPIANTI-14.jpg'><img width=\"150\" height=\"150\" src=\"https:\/\/www.ballatoregiovannisrl.com\/bg\/wp-content\/uploads\/2018\/01\/FOTO-IMPIANTI-14-150x150.jpg\" class=\"attachment-thumbnail size-thumbnail\" alt=\"\" loading=\"lazy\" \/><\/a>\n\t\t\t<\/dt><\/dl><dl class='gallery-item'>\n\t\t\t<dt class='gallery-icon portrait'>\n\t\t\t\t<a href='https:\/\/www.ballatoregiovannisrl.com\/bg\/wp-content\/uploads\/2018\/01\/FOTO-IMPIANTI-13-768x1024.jpg' data-full='https:\/\/www.ballatoregiovannisrl.com\/bg\/wp-content\/uploads\/2018\/01\/FOTO-IMPIANTI-13.jpg'><img width=\"150\" height=\"150\" src=\"https:\/\/www.ballatoregiovannisrl.com\/bg\/wp-content\/uploads\/2018\/01\/FOTO-IMPIANTI-13-150x150.jpg\" class=\"attachment-thumbnail size-thumbnail\" alt=\"\" loading=\"lazy\" aria-describedby=\"gallery-3-1459\" \/><\/a>\n\t\t\t<\/dt>\n\t\t\t\t<dd class='wp-caption-text gallery-caption' id='gallery-3-1459'>\n\t\t\t\tPentacon\n\t\t\t\t<\/dd><\/dl><dl class='gallery-item'>\n\t\t\t<dt class='gallery-icon landscape'>\n\t\t\t\t<a href='https:\/\/www.ballatoregiovannisrl.com\/bg\/wp-content\/uploads\/2018\/01\/FOTO-IMPIANTI-12-1024x768.jpg' data-full='https:\/\/www.ballatoregiovannisrl.com\/bg\/wp-content\/uploads\/2018\/01\/FOTO-IMPIANTI-12.jpg'><img width=\"150\" height=\"150\" src=\"https:\/\/www.ballatoregiovannisrl.com\/bg\/wp-content\/uploads\/2018\/01\/FOTO-IMPIANTI-12-150x150.jpg\" class=\"attachment-thumbnail size-thumbnail\" alt=\"\" loading=\"lazy\" \/><\/a>\n\t\t\t<\/dt><\/dl><dl class='gallery-item'>\n\t\t\t<dt class='gallery-icon landscape'>\n\t\t\t\t<a href='https:\/\/www.ballatoregiovannisrl.com\/bg\/wp-content\/uploads\/2018\/01\/FOTO-IMPIANTI-11-1024x768.jpg' data-full='https:\/\/www.ballatoregiovannisrl.com\/bg\/wp-content\/uploads\/2018\/01\/FOTO-IMPIANTI-11.jpg'><img width=\"150\" height=\"150\" src=\"https:\/\/www.ballatoregiovannisrl.com\/bg\/wp-content\/uploads\/2018\/01\/FOTO-IMPIANTI-11-150x150.jpg\" class=\"attachment-thumbnail size-thumbnail\" alt=\"\" loading=\"lazy\" \/><\/a>\n\t\t\t<\/dt><\/dl><dl class='gallery-item'>\n\t\t\t<dt class='gallery-icon landscape'>\n\t\t\t\t<a href='https:\/\/www.ballatoregiovannisrl.com\/bg\/wp-content\/uploads\/2018\/01\/FOTO-IMPIANTI-10.jpg' data-full='https:\/\/www.ballatoregiovannisrl.com\/bg\/wp-content\/uploads\/2018\/01\/FOTO-IMPIANTI-10.jpg'><img width=\"150\" height=\"150\" src=\"https:\/\/www.ballatoregiovannisrl.com\/bg\/wp-content\/uploads\/2018\/01\/FOTO-IMPIANTI-10-150x150.jpg\" class=\"attachment-thumbnail size-thumbnail\" alt=\"\" loading=\"lazy\" \/><\/a>\n\t\t\t<\/dt><\/dl><dl class='gallery-item'>\n\t\t\t<dt class='gallery-icon landscape'>\n\t\t\t\t<a href='https:\/\/www.ballatoregiovannisrl.com\/bg\/wp-content\/uploads\/2018\/01\/FOTO-IMPIANTI-9.jpg' data-full='https:\/\/www.ballatoregiovannisrl.com\/bg\/wp-content\/uploads\/2018\/01\/FOTO-IMPIANTI-9.jpg'><img width=\"150\" height=\"150\" src=\"https:\/\/www.ballatoregiovannisrl.com\/bg\/wp-content\/uploads\/2018\/01\/FOTO-IMPIANTI-9-150x150.jpg\" class=\"attachment-thumbnail size-thumbnail\" alt=\"\" loading=\"lazy\" \/><\/a>\n\t\t\t<\/dt><\/dl><dl class='gallery-item'>\n\t\t\t<dt class='gallery-icon landscape'>\n\t\t\t\t<a href='https:\/\/www.ballatoregiovannisrl.com\/bg\/wp-content\/uploads\/2018\/01\/FOTO-IMPIANTI-8.jpg' data-full='https:\/\/www.ballatoregiovannisrl.com\/bg\/wp-content\/uploads\/2018\/01\/FOTO-IMPIANTI-8.jpg'><img width=\"150\" height=\"150\" src=\"https:\/\/www.ballatoregiovannisrl.com\/bg\/wp-content\/uploads\/2018\/01\/FOTO-IMPIANTI-8-150x150.jpg\" class=\"attachment-thumbnail size-thumbnail\" alt=\"\" loading=\"lazy\" \/><\/a>\n\t\t\t<\/dt><\/dl><dl class='gallery-item'>\n\t\t\t<dt class='gallery-icon landscape'>\n\t\t\t\t<a href='https:\/\/www.ballatoregiovannisrl.com\/bg\/wp-content\/uploads\/2018\/01\/FOTO-IMPIANTI-7.jpg' data-full='https:\/\/www.ballatoregiovannisrl.com\/bg\/wp-content\/uploads\/2018\/01\/FOTO-IMPIANTI-7.jpg'><img width=\"150\" height=\"150\" src=\"https:\/\/www.ballatoregiovannisrl.com\/bg\/wp-content\/uploads\/2018\/01\/FOTO-IMPIANTI-7-150x150.jpg\" class=\"attachment-thumbnail size-thumbnail\" alt=\"\" loading=\"lazy\" \/><\/a>\n\t\t\t<\/dt><\/dl><dl class='gallery-item'>\n\t\t\t<dt class='gallery-icon landscape'>\n\t\t\t\t<a href='https:\/\/www.ballatoregiovannisrl.com\/bg\/wp-content\/uploads\/2018\/01\/FOTO-IMPIANTI-6.jpg' data-full='https:\/\/www.ballatoregiovannisrl.com\/bg\/wp-content\/uploads\/2018\/01\/FOTO-IMPIANTI-6.jpg'><img width=\"150\" height=\"150\" src=\"https:\/\/www.ballatoregiovannisrl.com\/bg\/wp-content\/uploads\/2018\/01\/FOTO-IMPIANTI-6-150x150.jpg\" class=\"attachment-thumbnail size-thumbnail\" alt=\"\" loading=\"lazy\" \/><\/a>\n\t\t\t<\/dt><\/dl><dl class='gallery-item'>\n\t\t\t<dt class='gallery-icon landscape'>\n\t\t\t\t<a href='https:\/\/www.ballatoregiovannisrl.com\/bg\/wp-content\/uploads\/2018\/01\/FOTO-IMPIANTI-5.jpg' data-full='https:\/\/www.ballatoregiovannisrl.com\/bg\/wp-content\/uploads\/2018\/01\/FOTO-IMPIANTI-5.jpg'><img width=\"150\" height=\"150\" src=\"https:\/\/www.ballatoregiovannisrl.com\/bg\/wp-content\/uploads\/2018\/01\/FOTO-IMPIANTI-5-150x150.jpg\" class=\"attachment-thumbnail size-thumbnail\" alt=\"\" loading=\"lazy\" \/><\/a>\n\t\t\t<\/dt><\/dl><dl class='gallery-item'>\n\t\t\t<dt class='gallery-icon landscape'>\n\t\t\t\t<a href='https:\/\/www.ballatoregiovannisrl.com\/bg\/wp-content\/uploads\/2018\/01\/FOTO-IMPIANTI-4.jpg' data-full='https:\/\/www.ballatoregiovannisrl.com\/bg\/wp-content\/uploads\/2018\/01\/FOTO-IMPIANTI-4.jpg'><img width=\"150\" height=\"150\" src=\"https:\/\/www.ballatoregiovannisrl.com\/bg\/wp-content\/uploads\/2018\/01\/FOTO-IMPIANTI-4-150x150.jpg\" class=\"attachment-thumbnail size-thumbnail\" alt=\"\" loading=\"lazy\" \/><\/a>\n\t\t\t<\/dt><\/dl><dl class='gallery-item'>\n\t\t\t<dt class='gallery-icon landscape'>\n\t\t\t\t<a href='https:\/\/www.ballatoregiovannisrl.com\/bg\/wp-content\/uploads\/2018\/01\/FOTO-IMPIANTI-3.jpg' data-full='https:\/\/www.ballatoregiovannisrl.com\/bg\/wp-content\/uploads\/2018\/01\/FOTO-IMPIANTI-3.jpg'><img width=\"150\" height=\"150\" src=\"https:\/\/www.ballatoregiovannisrl.com\/bg\/wp-content\/uploads\/2018\/01\/FOTO-IMPIANTI-3-150x150.jpg\" class=\"attachment-thumbnail size-thumbnail\" alt=\"\" loading=\"lazy\" \/><\/a>\n\t\t\t<\/dt><\/dl><dl class='gallery-item'>\n\t\t\t<dt class='gallery-icon landscape'>\n\t\t\t\t<a href='https:\/\/www.ballatoregiovannisrl.com\/bg\/wp-content\/uploads\/2018\/01\/FOTO-IMPIANTI-2.jpg' data-full='https:\/\/www.ballatoregiovannisrl.com\/bg\/wp-content\/uploads\/2018\/01\/FOTO-IMPIANTI-2.jpg'><img width=\"150\" height=\"150\" src=\"https:\/\/www.ballatoregiovannisrl.com\/bg\/wp-content\/uploads\/2018\/01\/FOTO-IMPIANTI-2-150x150.jpg\" class=\"attachment-thumbnail size-thumbnail\" alt=\"\" loading=\"lazy\" \/><\/a>\n\t\t\t<\/dt><\/dl><dl class='gallery-item'>\n\t\t\t<dt class='gallery-icon landscape'>\n\t\t\t\t<a href='https:\/\/www.ballatoregiovannisrl.com\/bg\/wp-content\/uploads\/2018\/01\/FOTO-IMPIANTI-1.jpg' data-full='https:\/\/www.ballatoregiovannisrl.com\/bg\/wp-content\/uploads\/2018\/01\/FOTO-IMPIANTI-1.jpg'><img width=\"150\" height=\"150\" src=\"https:\/\/www.ballatoregiovannisrl.com\/bg\/wp-content\/uploads\/2018\/01\/FOTO-IMPIANTI-1-150x150.jpg\" class=\"attachment-thumbnail size-thumbnail\" alt=\"\" loading=\"lazy\" \/><\/a>\n\t\t\t<\/dt><\/dl>\n\t\t<\/div>\n<\/div>\n<\/div>\n","protected":false},"excerpt":{"rendered":"<p>R\u00c9VISION La r\u00e9vision des machines d&#8217;occasion, r\u00e9alis\u00e9e par un personnel expert et sp\u00e9cialis\u00e9, consiste pour chaque machine \u00e0: nettoyage, d\u00e9montage compl\u00e8te des toutes les pi\u00e8ces, contr\u00f4le (et remplacement des rechanges en cas d&#8217;usure), r\u00e9g\u00e9n\u00e9ration des pales et h\u00e9lices, peinture et r\u00e9assemblage. De cette mani\u00e8re, les machines se pr\u00e9sentent comme neuves et b\u00e9n\u00e9ficient d&#8217;une garantie de [&hellip;]<\/p>\n","protected":false},"author":1,"featured_media":0,"parent":0,"menu_order":0,"comment_status":"closed","ping_status":"closed","template":"","meta":[],"translation":{"provider":"WPGlobus","version":"2.8.8","language":"fr","enabled_languages":["it","en","fr"],"languages":{"it":{"title":true,"content":true,"excerpt":false},"en":{"title":true,"content":true,"excerpt":false},"fr":{"title":true,"content":true,"excerpt":false}}},"_links":{"self":[{"href":"https:\/\/www.ballatoregiovannisrl.com\/fr\/wp-json\/wp\/v2\/pages\/1492"}],"collection":[{"href":"https:\/\/www.ballatoregiovannisrl.com\/fr\/wp-json\/wp\/v2\/pages"}],"about":[{"href":"https:\/\/www.ballatoregiovannisrl.com\/fr\/wp-json\/wp\/v2\/types\/page"}],"author":[{"embeddable":true,"href":"https:\/\/www.ballatoregiovannisrl.com\/fr\/wp-json\/wp\/v2\/users\/1"}],"replies":[{"embeddable":true,"href":"https:\/\/www.ballatoregiovannisrl.com\/fr\/wp-json\/wp\/v2\/comments?post=1492"}],"version-history":[{"count":9,"href":"https:\/\/www.ballatoregiovannisrl.com\/fr\/wp-json\/wp\/v2\/pages\/1492\/revisions"}],"predecessor-version":[{"id":1592,"href":"https:\/\/www.ballatoregiovannisrl.com\/fr\/wp-json\/wp\/v2\/pages\/1492\/revisions\/1592"}],"wp:attachment":[{"href":"https:\/\/www.ballatoregiovannisrl.com\/fr\/wp-json\/wp\/v2\/media?parent=1492"}],"curies":[{"name":"wp","href":"https:\/\/api.w.org\/{rel}","templated":true}]}}